{"id":116,"date":"2016-09-03T16:28:46","date_gmt":"2016-09-03T16:28:46","guid":{"rendered":"http:\/\/cricca.disi.unitn.it\/montresor\/?page_id=116"},"modified":"2025-08-20T19:04:53","modified_gmt":"2025-08-20T19:04:53","slug":"bonus","status":"publish","type":"page","link":"http:\/\/cricca.disi.unitn.it\/montresor\/teaching\/asd\/materiale\/bonus\/","title":{"rendered":"Approfondimenti"},"content":{"rendered":"<h4 style=\"text-align: justify;\">Libri con sito web associato<\/h4>\n<ul style=\"text-align: justify;\">\n<li>Steven S. Skiena. The Algorithm Design Manual, 2nd edi\u00adtion . Springer-Verlag<br>\n[<a href=\"http:\/\/www.algorist.com\/\">Web site<\/a>]<\/li>\n<\/ul>\n<h4 style=\"text-align: justify;\">Articoli interessanti<\/h4>\n<ul style=\"text-align: justify;\">\n<li>Jon Kleinberg. <a href=\"http:\/\/disi.unitn.it\/~montreso\/asd\/docs\/TheMathematicsOfAlgorithmDesign.pdf\">The Mathematics of Algorithm Design<\/a><\/li>\n<li>Jonathan Schaeffer et al. <a href=\"http:\/\/disi.unitn.it\/~montreso\/asd\/docs\/checkers.pdf\">Checkers Is Solved<\/a><\/li>\n<li>Victor Allis. <a href=\"http:\/\/disi.unitn.it\/~montreso\/asd\/docs\/connect4.pdf\">A Knowledge-based Approach of&nbsp;Connect-Four. &nbsp;The Game is Solved: White&nbsp;Wins<\/a><\/li>\n<\/ul>\n<h4 style=\"text-align: justify;\">Repository di algoritmi<\/h4>\n<ul style=\"text-align: justify;\">\n<li><a href=\"http:\/\/en.wikipedia.org\/wiki\/List_of_algorithms\">Lista di algo\u00adrit\u00admi su Wikipedia<\/a><\/li>\n<li><a href=\"http:\/\/xlinux.nist.gov\/dads\/\">Dictionary of Algorithms and Data Structures<\/a><\/li>\n<li><a href=\"https:\/\/www.algorist.com\/algorist.html\">The Stony Brook Algorithm Repository<\/a><\/li>\n<\/ul>\n<h4 style=\"text-align: justify;\">Visualizzazione algoritmi<\/h4>\n<ul style=\"text-align: justify;\">\n<li><a href=\"http:\/\/www.cs.auckland.ac.nz\/software\/AlgAnim\/alg_anim.html\">John Morris\u2019 Web Site<\/a> Un sito web&nbsp;con\u00adte\u00adnen\u00adte mol\u00adte ani\u00adma\u00adzio\u00adni di algo\u00adrit\u00admi base, come albe\u00adri Red-Black, Hash Tables, etc.<\/li>\n<li><a href=\"http:\/\/interactivepython.org\/runestone\/static\/pythonds\/index.html\">Problem Solving with Algorithms and Data Structures<\/a> Un libro mol\u00adto pro\u00admet\u00adten\u00adte che per\u00admet\u00adte di osser\u00adva\u00adre il fun\u00adzio\u00adna\u00admen\u00adto degli algo\u00adrit\u00admi diret\u00adta\u00admen\u00adte dal\u00adle pagi\u00adne web che li descrivono.<\/li>\n<li><a href=\"https:\/\/www.cs.usfca.edu\/~galles\/visualization\/Algorithms.html\">Data Structure Visualizations<\/a>, by David Galles. Molto interessante.<\/li>\n<li><a href=\"http:\/\/visualgo.net\/\">VisuAlgo<\/a> Un sito mol\u00adto ben rea\u00adliz\u00adza\u00adto con deci\u00adne di algo\u00adrit\u00admi \u201cani\u00adma\u00adti\u201d in manie\u00adra eccel\u00adlen\u00adte. Grazie a David Marinangeli per la segnalazione.<\/li>\n<li><a href=\"https:\/\/algorithm-visualizer.org\/\">Algorithm visua\u00adli\u00adzer<\/a> per\u00admet\u00adte la visua\u00adliz\u00adza\u00adzio\u00adne di un gran nume\u00adro di algo\u00adrit\u00admi. Grazie a Alessandro Pezz\u00e8 per la segnalazione.<\/li>\n<li><a href=\"https:\/\/github.com\/hediet\/vscode-debug-visualizer\/tree\/master\/extension\">VSCode Debug Visualizer<\/a> \u00e8 un\u2019e\u00adsten\u00adsio\u00adne per Visual Studio Code che per\u00admet\u00adte di visua\u00adliz\u00adza\u00adre sem\u00adpli\u00adci strut\u00adtu\u00adre dati. Grazie a Carlo Corradini per la segnalazione.<\/li>\n<\/ul>\n<h4>Mappe concettuali<\/h4>\n<ul>\n<li>Una car\u00adrel\u00adla\u00adta di <a href=\"http:\/\/disi.unitn.it\/~montreso\/asd\/material\/mappe.pdf\">map\u00adpe con\u00adcet\u00adtua\u00adli<\/a> del cor\u00adso, rea\u00adliz\u00adza\u00adte da Irini&nbsp;Fjora.<\/li>\n<\/ul>\n<h4 style=\"text-align: justify;\">Approfondimenti per algoritmi visti a lezione<\/h4>\n<ul style=\"text-align: justify;\">\n<li><a href=\"http:\/\/en.wikipedia.org\/wiki\/Multiplication_algorithm\">Moltiplicazione<\/a><\/li>\n<li><a href=\"http:\/\/www.ics.uci.edu\/~eppstein\/161\/960130.html\">Selezione deter\u00admi\u00adni\u00adsti\u00adca in tem\u00adpo linea\u00adre (Mediana del\u00adle mediane)<\/a><\/li>\n<li><a href=\"http:\/\/www.nada.kth.se\/~viggo\/problemlist\/compendium.html\">A com\u00adpen\u00addium of <span class=\"caps\">NP<\/span> opti\u00admi\u00adza\u00adtion problems<\/a><\/li>\n<\/ul>\n<h4 style=\"text-align: justify;\">Approfondimenti di matematica<\/h4>\n<ul style=\"text-align: justify;\">\n<li><a href=\"http:\/\/disi.unitn.it\/~montreso\/asd\/docs\/seriebricchi.pdf\">Serie mate\u00adma\u00adti\u00adche<\/a><\/li>\n<li><a href=\"http:\/\/www.di.unipi.it\/~luccio\/ricorrenze.pdf\">Soluzione ricor\u00adren\u00adze<\/a><\/li>\n<\/ul>\n<h4 style=\"text-align: justify;\">Personaggi<\/h4>\n<ul style=\"text-align: justify;\">\n<li><a href=\"http:\/\/en.wikipedia.org\/wiki\/Al-Khwarizmi\">Muhammad ibn M\u016bs\u0101 al-Khw\u0101rizm\u012b<\/a><\/li>\n<\/ul>\n<h4 style=\"text-align: justify;\">Humor<\/h4>\n<ul>\n<li style=\"text-align: justify;\"><a href=\"http:\/\/xkcd.com\/74\/\">Sudoku bina\u00adrio<\/a><\/li>\n<li style=\"text-align: justify;\"><a href=\"http:\/\/xkcd.com\/69\/\">Bellman-Ford<\/a><\/li>\n<li style=\"text-align: justify;\"><a href=\"http:\/\/www.youtube.com\/watch?v=ROalU379l3U&amp;feature=related\">Insertion Sort<\/a><\/li>\n<li style=\"text-align: justify;\"><a href=\"http:\/\/www.youtube.com\/watch?v=Ns4TPTC8whw&amp;feature=related\">Select Sort<\/a><\/li>\n<\/ul>\n","protected":false},"excerpt":{"rendered":"<p>Libri con sito web asso\u00adcia\u00adto Steven S. Skiena. The Algorithm Design Manual, 2nd edi\u00adtion . Springer-Verlag [Web site] Articoli inte\u00adres\u00adsan\u00adti Jon Kleinberg. The Mathematics of Algorithm Design Jonathan Schaeffer et al. Checkers Is Solved Victor Allis. A Knowledge-based Approach of&nbsp;Connect-Four. &nbsp;The Game is Solved: White&nbsp;Wins Repository di algo\u00adrit\u00admi Lista di algo\u00adrit\u00admi su Wikipedia Dictionary of&nbsp;[\u2026]<\/p>\n","protected":false},"author":1,"featured_media":0,"parent":74,"menu_order":0,"comment_status":"closed","ping_status":"closed","template":"","meta":{"wp_typography_post_enhancements_disabled":false,"footnotes":""},"class_list":["post-116","page","type-page","status-publish","hentry","post"],"_links":{"self":[{"href":"http:\/\/cricca.disi.unitn.it\/montresor\/wp-json\/wp\/v2\/pages\/116","targetHints":{"allow":["GET"]}}],"collection":[{"href":"http:\/\/cricca.disi.unitn.it\/montresor\/wp-json\/wp\/v2\/pages"}],"about":[{"href":"http:\/\/cricca.disi.unitn.it\/montresor\/wp-json\/wp\/v2\/types\/page"}],"author":[{"embeddable":true,"href":"http:\/\/cricca.disi.unitn.it\/montresor\/wp-json\/wp\/v2\/users\/1"}],"replies":[{"embeddable":true,"href":"http:\/\/cricca.disi.unitn.it\/montresor\/wp-json\/wp\/v2\/comments?post=116"}],"version-history":[{"count":7,"href":"http:\/\/cricca.disi.unitn.it\/montresor\/wp-json\/wp\/v2\/pages\/116\/revisions"}],"predecessor-version":[{"id":5541,"href":"http:\/\/cricca.disi.unitn.it\/montresor\/wp-json\/wp\/v2\/pages\/116\/revisions\/5541"}],"up":[{"embeddable":true,"href":"http:\/\/cricca.disi.unitn.it\/montresor\/wp-json\/wp\/v2\/pages\/74"}],"wp:attachment":[{"href":"http:\/\/cricca.disi.unitn.it\/montresor\/wp-json\/wp\/v2\/media?parent=116"}],"curies":[{"name":"wp","href":"https:\/\/api.w.org\/{rel}","templated":true}]}}